{"id":638,"date":"2026-03-14T14:40:08","date_gmt":"2026-03-14T14:40:08","guid":{"rendered":"https:\/\/elcaminotaco.bar\/about\/our-vineyard\/"},"modified":"2026-03-29T20:03:34","modified_gmt":"2026-03-29T20:03:34","slug":"menuu","status":"publish","type":"page","link":"https:\/\/elcaminotaco.bar\/en\/menuu\/","title":{"rendered":"Men\u00fc\u00fc"},"content":{"rendered":"","protected":false},"excerpt":{"rendered":"","protected":false},"author":1,"featured_media":2198,"parent":0,"menu_order":0,"comment_status":"closed","ping_status":"closed","template":"","meta":{"saved_in_kubio":true,"footnotes":""},"class_list":["post-638","page","type-page","status-publish","has-post-thumbnail","hentry"],"kubio_ai_page_context":{"short_desc":"","purpose":"general"},"yoast_head":"<!-- This site is optimized with the Yoast SEO plugin v27.2 - https:\/\/yoast.com\/product\/yoast-seo-wordpress\/ -->\n<title>Men\u00fc\u00fc - EL CAMINO TACO BAR<\/title>\n<meta name=\"description\" content=\"El Camino taco bar on koht, mis pakub k\u00fclalistele midagi enamat kui lihtsalt toitu \u2013 see on elamus. Iga k\u00fclaline peaks tundma, et ta on..\" \/>\n<meta name=\"robots\" content=\"index, follow, max-snippet:-1, max-image-preview:large, max-video-preview:-1\" \/>\n<link rel=\"canonical\" href=\"https:\/\/elcaminotaco.bar\/en\/menuu\/\" \/>\n<meta property=\"og:locale\" content=\"en_US\" \/>\n<meta property=\"og:type\" content=\"article\" \/>\n<meta property=\"og:title\" content=\"Men\u00fc\u00fc - EL CAMINO TACO BAR\" \/>\n<meta property=\"og:description\" content=\"El Camino taco bar on koht, mis pakub k\u00fclalistele midagi enamat kui lihtsalt toitu \u2013 see on elamus. Iga k\u00fclaline peaks tundma, et ta on..\" \/>\n<meta property=\"og:url\" content=\"https:\/\/elcaminotaco.bar\/en\/menuu\/\" \/>\n<meta property=\"og:site_name\" content=\"EL CAMINO TACO BAR\" \/>\n<meta property=\"article:publisher\" content=\"https:\/\/www.facebook.com\/elcaminoest\" \/>\n<meta property=\"article:modified_time\" content=\"2026-03-29T20:03:34+00:00\" \/>\n<meta property=\"og:image\" content=\"https:\/\/elcaminotaco.bar\/wp-content\/uploads\/2025\/03\/222.png\" \/>\n\t<meta property=\"og:image:width\" content=\"840\" \/>\n\t<meta property=\"og:image:height\" content=\"344\" \/>\n\t<meta property=\"og:image:type\" content=\"image\/png\" \/>\n<meta name=\"twitter:card\" content=\"summary_large_image\" \/>\n<meta name=\"twitter:label1\" content=\"Est. reading time\" \/>\n\t<meta name=\"twitter:data1\" content=\"1 minute\" \/>\n<script type=\"application\/ld+json\" class=\"yoast-schema-graph\">{\"@context\":\"https:\/\/schema.org\",\"@graph\":[{\"@type\":\"WebPage\",\"@id\":\"https:\/\/elcaminotaco.bar\/menuu\/\",\"url\":\"https:\/\/elcaminotaco.bar\/menuu\/\",\"name\":\"Men\u00fc\u00fc - EL CAMINO TACO BAR\",\"isPartOf\":{\"@id\":\"https:\/\/elcaminotaco.bar\/#website\"},\"primaryImageOfPage\":{\"@id\":\"https:\/\/elcaminotaco.bar\/menuu\/#primaryimage\"},\"image\":{\"@id\":\"https:\/\/elcaminotaco.bar\/menuu\/#primaryimage\"},\"thumbnailUrl\":\"https:\/\/elcaminotaco.bar\/wp-content\/uploads\/2025\/03\/222.png\",\"datePublished\":\"2026-03-14T14:40:08+00:00\",\"dateModified\":\"2026-03-29T20:03:34+00:00\",\"description\":\"El Camino taco bar on koht, mis pakub k\u00fclalistele midagi enamat kui lihtsalt toitu \u2013 see on elamus. Iga k\u00fclaline peaks tundma, et ta on..\",\"breadcrumb\":{\"@id\":\"https:\/\/elcaminotaco.bar\/menuu\/#breadcrumb\"},\"inLanguage\":\"en-US\",\"potentialAction\":[{\"@type\":\"ReadAction\",\"target\":[\"https:\/\/elcaminotaco.bar\/menuu\/\"]}]},{\"@type\":\"ImageObject\",\"inLanguage\":\"en-US\",\"@id\":\"https:\/\/elcaminotaco.bar\/menuu\/#primaryimage\",\"url\":\"https:\/\/elcaminotaco.bar\/wp-content\/uploads\/2025\/03\/222.png\",\"contentUrl\":\"https:\/\/elcaminotaco.bar\/wp-content\/uploads\/2025\/03\/222.png\",\"width\":840,\"height\":344,\"caption\":\"taco\"},{\"@type\":\"BreadcrumbList\",\"@id\":\"https:\/\/elcaminotaco.bar\/menuu\/#breadcrumb\",\"itemListElement\":[{\"@type\":\"ListItem\",\"position\":1,\"name\":\"Home\",\"item\":\"https:\/\/elcaminotaco.bar\/\"},{\"@type\":\"ListItem\",\"position\":2,\"name\":\"Men\u00fc\u00fc\"}]},{\"@type\":\"WebSite\",\"@id\":\"https:\/\/elcaminotaco.bar\/#website\",\"url\":\"https:\/\/elcaminotaco.bar\/\",\"name\":\"EL CAMINO TACO BAR\",\"description\":\"El Camino taco bar toob Mehhiko k\u00f6\u00f6gi otse Eestisse, pakkudes t\u00f5elisi maitseelamusi - killuke k\u00f5rbe p\u00f5hjas..\",\"publisher\":{\"@id\":\"https:\/\/elcaminotaco.bar\/#organization\"},\"potentialAction\":[{\"@type\":\"SearchAction\",\"target\":{\"@type\":\"EntryPoint\",\"urlTemplate\":\"https:\/\/elcaminotaco.bar\/?s={search_term_string}\"},\"query-input\":{\"@type\":\"PropertyValueSpecification\",\"valueRequired\":true,\"valueName\":\"search_term_string\"}}],\"inLanguage\":\"en-US\"},{\"@type\":\"Organization\",\"@id\":\"https:\/\/elcaminotaco.bar\/#organization\",\"name\":\"EL CAMINO TACO BAR\",\"url\":\"https:\/\/elcaminotaco.bar\/\",\"logo\":{\"@type\":\"ImageObject\",\"inLanguage\":\"en-US\",\"@id\":\"https:\/\/elcaminotaco.bar\/#\/schema\/logo\/image\/\",\"url\":\"https:\/\/elcaminotaco.bar\/wp-content\/uploads\/2025\/03\/ChatGPT-Image-Feb-17-2026-at-10_01_23-PM.png\",\"contentUrl\":\"https:\/\/elcaminotaco.bar\/wp-content\/uploads\/2025\/03\/ChatGPT-Image-Feb-17-2026-at-10_01_23-PM.png\",\"width\":1536,\"height\":1024,\"caption\":\"EL CAMINO TACO BAR\"},\"image\":{\"@id\":\"https:\/\/elcaminotaco.bar\/#\/schema\/logo\/image\/\"},\"sameAs\":[\"https:\/\/www.facebook.com\/elcaminoest\",\"https:\/\/www.instagram.com\/elcaminoest\"]}]}<\/script>\n<!-- \/ Yoast SEO plugin. -->","yoast_head_json":{"title":"Men\u00fc\u00fc - EL CAMINO TACO BAR","description":"El Camino taco bar on koht, mis pakub k\u00fclalistele midagi enamat kui lihtsalt toitu \u2013 see on elamus. Iga k\u00fclaline peaks tundma, et ta on..","robots":{"index":"index","follow":"follow","max-snippet":"max-snippet:-1","max-image-preview":"max-image-preview:large","max-video-preview":"max-video-preview:-1"},"canonical":"https:\/\/elcaminotaco.bar\/en\/menuu\/","og_locale":"en_US","og_type":"article","og_title":"Men\u00fc\u00fc - EL CAMINO TACO BAR","og_description":"El Camino taco bar on koht, mis pakub k\u00fclalistele midagi enamat kui lihtsalt toitu \u2013 see on elamus. Iga k\u00fclaline peaks tundma, et ta on..","og_url":"https:\/\/elcaminotaco.bar\/en\/menuu\/","og_site_name":"EL CAMINO TACO BAR","article_publisher":"https:\/\/www.facebook.com\/elcaminoest","article_modified_time":"2026-03-29T20:03:34+00:00","og_image":[{"width":840,"height":344,"url":"https:\/\/elcaminotaco.bar\/wp-content\/uploads\/2025\/03\/222.png","type":"image\/png"}],"twitter_card":"summary_large_image","twitter_misc":{"Est. reading time":"1 minute"},"schema":{"@context":"https:\/\/schema.org","@graph":[{"@type":"WebPage","@id":"https:\/\/elcaminotaco.bar\/menuu\/","url":"https:\/\/elcaminotaco.bar\/menuu\/","name":"Men\u00fc\u00fc - EL CAMINO TACO BAR","isPartOf":{"@id":"https:\/\/elcaminotaco.bar\/#website"},"primaryImageOfPage":{"@id":"https:\/\/elcaminotaco.bar\/menuu\/#primaryimage"},"image":{"@id":"https:\/\/elcaminotaco.bar\/menuu\/#primaryimage"},"thumbnailUrl":"https:\/\/elcaminotaco.bar\/wp-content\/uploads\/2025\/03\/222.png","datePublished":"2026-03-14T14:40:08+00:00","dateModified":"2026-03-29T20:03:34+00:00","description":"El Camino taco bar on koht, mis pakub k\u00fclalistele midagi enamat kui lihtsalt toitu \u2013 see on elamus. Iga k\u00fclaline peaks tundma, et ta on..","breadcrumb":{"@id":"https:\/\/elcaminotaco.bar\/menuu\/#breadcrumb"},"inLanguage":"en-US","potentialAction":[{"@type":"ReadAction","target":["https:\/\/elcaminotaco.bar\/menuu\/"]}]},{"@type":"ImageObject","inLanguage":"en-US","@id":"https:\/\/elcaminotaco.bar\/menuu\/#primaryimage","url":"https:\/\/elcaminotaco.bar\/wp-content\/uploads\/2025\/03\/222.png","contentUrl":"https:\/\/elcaminotaco.bar\/wp-content\/uploads\/2025\/03\/222.png","width":840,"height":344,"caption":"taco"},{"@type":"BreadcrumbList","@id":"https:\/\/elcaminotaco.bar\/menuu\/#breadcrumb","itemListElement":[{"@type":"ListItem","position":1,"name":"Home","item":"https:\/\/elcaminotaco.bar\/"},{"@type":"ListItem","position":2,"name":"Men\u00fc\u00fc"}]},{"@type":"WebSite","@id":"https:\/\/elcaminotaco.bar\/#website","url":"https:\/\/elcaminotaco.bar\/","name":"EL CAMINO TACO BAR","description":"El Camino taco bar toob Mehhiko k\u00f6\u00f6gi otse Eestisse, pakkudes t\u00f5elisi maitseelamusi - killuke k\u00f5rbe p\u00f5hjas..","publisher":{"@id":"https:\/\/elcaminotaco.bar\/#organization"},"potentialAction":[{"@type":"SearchAction","target":{"@type":"EntryPoint","urlTemplate":"https:\/\/elcaminotaco.bar\/?s={search_term_string}"},"query-input":{"@type":"PropertyValueSpecification","valueRequired":true,"valueName":"search_term_string"}}],"inLanguage":"en-US"},{"@type":"Organization","@id":"https:\/\/elcaminotaco.bar\/#organization","name":"EL CAMINO TACO BAR","url":"https:\/\/elcaminotaco.bar\/","logo":{"@type":"ImageObject","inLanguage":"en-US","@id":"https:\/\/elcaminotaco.bar\/#\/schema\/logo\/image\/","url":"https:\/\/elcaminotaco.bar\/wp-content\/uploads\/2025\/03\/ChatGPT-Image-Feb-17-2026-at-10_01_23-PM.png","contentUrl":"https:\/\/elcaminotaco.bar\/wp-content\/uploads\/2025\/03\/ChatGPT-Image-Feb-17-2026-at-10_01_23-PM.png","width":1536,"height":1024,"caption":"EL CAMINO TACO BAR"},"image":{"@id":"https:\/\/elcaminotaco.bar\/#\/schema\/logo\/image\/"},"sameAs":["https:\/\/www.facebook.com\/elcaminoest","https:\/\/www.instagram.com\/elcaminoest"]}]}},"jetpack_sharing_enabled":true,"_links":{"self":[{"href":"https:\/\/elcaminotaco.bar\/en\/wp-json\/wp\/v2\/pages\/638","targetHints":{"allow":["GET"]}}],"collection":[{"href":"https:\/\/elcaminotaco.bar\/en\/wp-json\/wp\/v2\/pages"}],"about":[{"href":"https:\/\/elcaminotaco.bar\/en\/wp-json\/wp\/v2\/types\/page"}],"author":[{"embeddable":true,"href":"https:\/\/elcaminotaco.bar\/en\/wp-json\/wp\/v2\/users\/1"}],"replies":[{"embeddable":true,"href":"https:\/\/elcaminotaco.bar\/en\/wp-json\/wp\/v2\/comments?post=638"}],"version-history":[{"count":2,"href":"https:\/\/elcaminotaco.bar\/en\/wp-json\/wp\/v2\/pages\/638\/revisions"}],"predecessor-version":[{"id":2375,"href":"https:\/\/elcaminotaco.bar\/en\/wp-json\/wp\/v2\/pages\/638\/revisions\/2375"}],"wp:featuredmedia":[{"embeddable":true,"href":"https:\/\/elcaminotaco.bar\/en\/wp-json\/wp\/v2\/media\/2198"}],"wp:attachment":[{"href":"https:\/\/elcaminotaco.bar\/en\/wp-json\/wp\/v2\/media?parent=638"}],"curies":[{"name":"wp","href":"https:\/\/api.w.org\/{rel}","templated":true}]}}